{"id":5556,"date":"2018-06-01T16:38:24","date_gmt":"2018-06-01T13:38:24","guid":{"rendered":"https:\/\/nikopaulanne.fi\/tietosuojaseloste\/"},"modified":"2023-11-02T17:45:17","modified_gmt":"2023-11-02T15:45:17","slug":"tietosuojaseloste","status":"publish","type":"page","link":"https:\/\/nikopaulanne.fi\/en\/tietosuojaseloste\/","title":{"rendered":"Tietosuojaseloste"},"content":{"rendered":"\n<p>(<a href=\"https:\/\/translate.google.com\/translate?sl=fi&amp;tl=en&amp;u=https:\/\/nikopaulanne.fi\/tietosuojaseloste\/\">Click here for &#8211; Google automatic translation of this page to English<\/a>)<\/p>\n\n\n<section class=\"grid\">\n<div class=\"controller-title\">\n<h2>Kuka tietojasi k\u00e4sittelee<\/h2>\n<\/div>\n<div class=\"company\">\n<h3>Yritys<\/h3>\n<div class=\"vcard\">\n<div class=\"fn org\">Niko Paulanne Consulting<\/div>\n<div class=\"adr\">\n<div class=\"street-address\">Heikkil\u00e4ntie 28<\/div>\n<div>36240 Kangasala<\/div>\n<\/div>\n<\/div>\n<\/div>\n<div>\n<h3>Yhteyshenkil\u00f6<\/h3>\n<\/div>\n<\/section>\n<section class=\"grid\">\n<div>\n<div>Niko Paulanne<\/div>\n<div>+358-50-5706765 (MAANANTAI-PERJANTAI 12:00-17:00)<\/div>\n<div>info(at)nikopaulanne.fi<\/div>\n<\/div>\n<div>\u00a0<\/div>\n<div class=\"subjects\">\n<h2><a href=\".\/tietosuojaseloste\/#2-rekisteroidyt\">Keiden tietoja k\u00e4sittelemme<\/a><\/h2>\n<ul>\n<li>Asiakkaat<\/li>\n<li>Potentiaaliset asiakkaat<\/li>\n<li>Verkkosivuston k\u00e4ytt\u00e4j\u00e4t<\/li>\n<\/ul>\n<\/div>\n<div class=\"data\">\n<h2><a href=\".\/tietosuojaseloste\/#4-tallennettavat-tiedot\">Tiedot, joita k\u00e4sittelemme<\/a><\/h2>\n<p>K\u00e4sittelemme ainoastaan niit\u00e4 tietoja, joita itse toimitat meille, esimerkiksi:<\/p>\n<ul>\n<li>Nimi<\/li>\n<li>Puhelinnumero<\/li>\n<li>S\u00e4hk\u00f6postiosoite<\/li>\n<li>Postiosoite<\/li>\n<li>Ty\u00f6nantaja<\/li>\n<li>Rooli\/titteli<\/li>\n<li>IP-osoite<\/li>\n<\/ul>\n<\/div>\n<div class=\"justifications\">\n<h2><a href=\".\/tietosuojaseloste\/#3-kasittelyn-tarkoitus\">Miksi k\u00e4sittelemme tietojasi<\/a><\/h2>\n<ul>\n<li>Asiakassuhteen hoitaminen<\/li>\n<li>Markkinointi<\/li>\n<\/ul>\n<\/div>\n<div class=\"sources\">\n<h2><a href=\".\/tietosuojaseloste\/#7-tiedonlahteet\">Mist\u00e4 saamme tiedot<\/a><\/h2>\n<p>Asiakkaita koskevat tiedot saadaan asiakkaan suostumuksella h\u00e4nelt\u00e4 itselt\u00e4\u00e4n.<\/p>\n<\/div>\n<div class=\"external-processors\">\n<h2><a href=\".\/tietosuojaseloste\/#8-luovutukset\">Kuka muu k\u00e4sittelee tietojasi<\/a><\/h2>\n<ul>\n<li>Google<\/li>\n<li>MailChimp<\/li>\n<\/ul>\n<\/div>\n<div class=\"duration\">\n<h2><a href=\".\/tietosuojaseloste\/#5-kasittelyn-kesto\">Kuinka kauan k\u00e4sittelemme tietojasi<\/a><\/h2>\n<p>K\u00e4sittelemme tietojasi p\u00e4\u00e4s\u00e4\u00e4nt\u00f6isesti niin kauan kuin se asiakassopimus, jonka hoitamiseksi tarvitsemme tietoja, on voimassa.<br \/>Henkil\u00f6tietoja s\u00e4ilytet\u00e4\u00e4n markkinointitarkoituksiin l\u00e4ht\u00f6kohtaisesti kaksi (2) vuotta, jonka j\u00e4lkeen poistamme tiedot.<\/p>\n<\/div>\n<div class=\"rights\">\n<h2><a href=\".\/tietosuojaseloste\/#6-oikeutesi\">Oikeutesi<\/a><\/h2>\n<ul>\n<li><a href=\".\/tietosuojaseloste\/#tarkastusoikeus\">Tarkastusoikeus<\/a><\/li>\n<li><a href=\".\/tietosuojaseloste\/#vastustamisoikeus\">Vastustamisoikeus<\/a><\/li>\n<li><a href=\".\/tietosuojaseloste\/#suoramarkkinointikielto\">Suoramarkkinointikielto<\/a><\/li>\n<li><a href=\".\/tietosuojaseloste\/#poisto-oikeus\">Poisto-oikeus<\/a><\/li>\n<li><a href=\".\/tietosuojaseloste\/#valitusoikeus\">Valitusoikeus<\/a><\/li>\n<\/ul>\n<\/div>\n<div class=\"protection\">\n<h2><a href=\".\/tietosuojaseloste\/#10-suojaus\">Kuinka suojaamme tietosi<\/a><\/h2>\n<ul>\n<li><strong>Suojaamme<\/strong>\u00a0internetyhteyden (https)<\/li>\n<li><strong>K\u00e4yt\u00e4mme<\/strong>\u00a0palomuuria<\/li>\n<li><strong>Salaamme<\/strong>\u00a0tietoja (kryptaus)<\/li>\n<li><strong>Rajaamme<\/strong>\u00a0rekisteriin p\u00e4\u00e4syn henkil\u00f6ihin, jotka sit\u00e4 tarvitsevat<\/li>\n<\/ul>\n<\/div>\n<\/section>\n<section class=\"legal-notice\">\n<p class=\"date\">24.5.2018<\/p>\n<p>T\u00e4m\u00e4 on henkil\u00f6tietolain (523\/1999) 10 \u00a7:n ja 24 \u00a7:n sek\u00e4 EU:n yleisen tietosuoja-asetuksen (679\/2016) 12 ja 13 artiklan mukainen yhdistetty rekisteriseloste ja informointiasiakirja Niko Paulanne Consulting:n asiakkaille, potentiaalisille asiakkaille sek\u00e4 Niko Paulanne Consulting:n eri verkkosivustojen k\u00e4ytt\u00e4jille.<\/p>\n<\/section>\n<section class=\"data-controller\">\n<h2><a name=\"1-rekisterinpitaja\"><\/a>1. Rekisterinpit\u00e4j\u00e4<\/h2>\n<p>Palvelun toteuttamiseksi tarvitsemme muutamia tietoja sinusta, yrityksest\u00e4si sek\u00e4 yrityksesi yhteyshenkil\u00f6ist\u00e4. K\u00e4sittelemme n\u00e4it\u00e4 tietoja kuin omiamme: haluamme olla luottamuksesi arvoisia.<br \/>T\u00e4ss\u00e4 tietosuojaselosteessa pyrimme kertomaan mahdollisimman avoimesti ja l\u00e4pin\u00e4kyv\u00e4sti, miten k\u00e4sittelemme tietojasi. Tutustu rauhassa ja ole rohkeasti yhteydess\u00e4, jos sinulla her\u00e4\u00e4 jotain kysytt\u00e4v\u00e4\u00e4.<\/p>\n<div class=\"contact\">\n<h3>Yhteystiedot<\/h3>\n<div class=\"vcard\">\n<div class=\"fn org\">Niko Paulanne Consulting<\/div>\n<div class=\"adr\">\n<div class=\"street-address\">Heikkil\u00e4ntie 28<\/div>\n<div>36240 Kangasala<\/div>\n<div>\u00a0<\/div>\n<div>\u00a0<\/div>\n<\/div>\n<\/div>\n<div class=\"vcard\">\n<div class=\"fn\">\n<div class=\"fn\">Niko Paulanne<\/div>\n<div class=\"tel\">+358-50-5706765 (MAANANTAI-PERJANTAI 12:00-17:00)<\/div>\n<div>info(at)nikopaulanne.fi<\/div>\n<div>\u00a0<\/div>\n<\/div>\n<\/div>\n<\/div>\n<\/section>\n<section class=\"data-subjects\">\n<h2><a name=\"2-rekisteroidyt\"><\/a>2. Rekister\u00f6idyt<\/h2>\n<ul>\n<li>Asiakkaat (yhteyshenkil\u00f6t)<\/li>\n<li>Potentiaaliset asiakkaat<\/li>\n<li>Verkkosivustojen k\u00e4ytt\u00e4j\u00e4t<\/li>\n<\/ul>\n<\/section>\n<section class=\"data-justifications\">\n<h2><a name=\"3-kasittelyn-tarkoitus\"><\/a>3. Henkil\u00f6tietojen k\u00e4sittelyn tarkoitus ja peruste<\/h2>\n<table border=\"1\">\n<thead>\n<tr>\n<th>Rekister\u00f6idyt<\/th>\n<th>K\u00e4sittelyn tarkoitus<\/th>\n<th>K\u00e4sittelyperuste<\/th>\n<\/tr>\n<\/thead>\n<tbody>\n<tr>\n<td>Asiakkaat (yhteyshenkil\u00f6t)<\/td>\n<td>Asiakaspalvelun edellytt\u00e4mien yhteydenottojen mahdollistaminen ja asiakassuhteen yll\u00e4pito.<\/td>\n<td>Rekisterinpit\u00e4j\u00e4n oikeutettu etu<\/td>\n<\/tr>\n<tr>\n<td>Potentiaaliset asiakkaat ja verkkosivustojen k\u00e4ytt\u00e4j\u00e4t<\/td>\n<td>Verkkosivuston kautta tulevat yhteydenottopyynn\u00f6t ja uutiskirjetilaukset.<\/td>\n<td>Rekisterinpit\u00e4j\u00e4n oikeutettu etu<\/td>\n<\/tr>\n<\/tbody>\n<\/table>\n<\/section>\n<section class=\"data\">\n<h2><a name=\"4-tallennettavat-tiedot\"><\/a>4. Rekisteriin tallennettavat tiedot<\/h2>\n<p>Rekisteriin voidaan tallentaa seuraavia tietoja:<\/p>\n<table border=\"1\">\n<thead>\n<tr>\n<th>Tiedot<\/th>\n<th>Asiakas<\/th>\n<th>Potentiaalinen asiakas \/ verkkosivuston k\u00e4ytt\u00e4j\u00e4<\/th>\n<th>K\u00e4ytt\u00f6tarkoitus<\/th>\n<\/tr>\n<\/thead>\n<tbody>\n<tr>\n<td>Nimi<\/td>\n<td>\u2714<\/td>\n<td>\u2714<\/td>\n<td>Yksil\u00f6inti \/ yhteydenpito<\/td>\n<\/tr>\n<tr>\n<td>Puhelinnumero<\/td>\n<td>\u2714<\/td>\n<td>\u2714<\/td>\n<td>Yhteydenpito<\/td>\n<\/tr>\n<tr>\n<td>S\u00e4hk\u00f6postiosoite<\/td>\n<td>\u2714<\/td>\n<td>\u2714<\/td>\n<td>Yhteydenpito<\/td>\n<\/tr>\n<tr>\n<td>Postiosoite<\/td>\n<td>\u2714<\/td>\n<td>\u2714<\/td>\n<td>Yhteydenpito<\/td>\n<\/tr>\n<tr>\n<td>Ty\u00f6nantaja \/ yritys<\/td>\n<td>\u2714<\/td>\n<td>\u2714<\/td>\n<td>Asiakassuhteen hoitaminen \/ markkinoinnin kohdentaminen<\/td>\n<\/tr>\n<tr>\n<td>Rooli \/ titteli<\/td>\n<td>\u2714<\/td>\n<td>\u2714<\/td>\n<td>Asiakassuhteen hoitaminen \/ markkinoinnin kohdentaminen<\/td>\n<\/tr>\n<tr>\n<td>IP-osoite<\/td>\n<td>\u00a0<\/td>\n<td>\u2714<\/td>\n<td>Markkinoinnin kohdentaminen<\/td>\n<\/tr>\n<\/tbody>\n<\/table>\n<\/section>\n<section class=\"process-duration\">\n<h2><a name=\"5-kasittelyn-kesto\"><\/a>5. K\u00e4sittelyn kesto<\/h2>\n<p>Henkil\u00f6tietoja k\u00e4sitell\u00e4\u00e4n p\u00e4\u00e4s\u00e4\u00e4nt\u00f6isesti niin kauan kuin se asiakassopimus, jonka hoitamiseksi tarvitsemme tietoja, on voimassa. Merkitsemme tiedot rekisteriin sellaisina kuin saamme ne rekister\u00f6idylt\u00e4 itselt\u00e4\u00e4n ja niit\u00e4 p\u00e4ivitet\u00e4\u00e4n sen mukaan, mit\u00e4 rekister\u00f6ity ilmoittaa rekisterinpit\u00e4j\u00e4lle.<br \/>Niko Paulanne Consulting:n verkkosivustoilta l\u00e4hetetyt lomaketiedot poistetaan automaattisesti kahden\u00a0 (2) vuoden kuluttua l\u00e4hetyksest\u00e4. Asiakas- ja markkinointirekisterist\u00e4mme poistamme tarpeettomat henkil\u00f6tiedot kahden (2) vuoden v\u00e4lein. S\u00e4hk\u00f6postimarkkinointilistaltamme p\u00e4\u00e4set poistumaan itse jokaisessa l\u00e4hett\u00e4m\u00e4ss\u00e4mme markkinointis\u00e4hk\u00f6postissa olevan poistumislinkin kautta.<\/p>\n<\/section>\n<section class=\"rights\">\n<h2><a name=\"6-oikeutesi\"><\/a>6. Oikeutesi<\/h2>\n<p>Sinulla on seuraavat oikeudet, joiden k\u00e4ytt\u00e4mist\u00e4 koskevat pyynn\u00f6t tulee tehd\u00e4 osoitteeseen: info(at)nikopaulanne.fi.<\/p>\n<h3><a name=\"tarkastusoikeus\"><\/a>Tarkastusoikeus<\/h3>\n<p>Sinulla on oikeus tarkistaa sinusta tallentamamme henkil\u00f6tiedot. Mik\u00e4li havaitset tiedoissasi virheellisyyksi\u00e4 tai puutteita, voit pyyt\u00e4\u00e4 meit\u00e4 korjaamaan tai t\u00e4ydent\u00e4m\u00e4\u00e4n tiedot oikeiksi.<\/p>\n<h3><a name=\"vastustamisoikeus\"><\/a>Vastustamisoikeus<\/h3>\n<p>Sinulla on oikeus koska tahansa vastustaa henkil\u00f6tietojesi k\u00e4sittely\u00e4, mik\u00e4li koet, ett\u00e4 olemme k\u00e4sitelleet henkil\u00f6tietojasi lainvastaisesti tai ett\u00e4 meill\u00e4 ei ole oikeutta k\u00e4sitell\u00e4 joitain henkil\u00f6tietojasi.<\/p>\n<h3><a name=\"suoramarkkinointikielto\"><\/a>Suoramarkkinointikielto<\/h3>\n<p>Sinulla on oikeus milloin tahansa kielt\u00e4\u00e4 meit\u00e4 k\u00e4ytt\u00e4m\u00e4st\u00e4 tietojasi suoramarkkinointiin. Emme koskaan myy tai muutoin luovuta henkil\u00f6tietojasi muille tahoille, jotta n\u00e4m\u00e4 voisivat kohdistaa suoramarkkinointia sinuun.<br \/>Hankimme verkkomainontaa mm. Facebookilta ja Googlelta. N\u00e4m\u00e4 yhti\u00f6t eiv\u00e4t kuitenkaan koskaan saa henkil\u00f6tietojasi eik\u00e4 t\u00e4llaisessa mainonnassa ole kyse suoramarkkinoinnista, vaan se perustuu ev\u00e4steisiin. Katso tarkemmin kohta ev\u00e4steet.<\/p>\n<h3><a name=\"poisto-oikeus\"><\/a>Poisto-oikeus<\/h3>\n<p>Mik\u00e4li koet, ett\u00e4 joidenkin sinua koskevien tietojen k\u00e4sittely ei ole tarpeen teht\u00e4viemme kannalta, sinulla on oikeus pyyt\u00e4\u00e4 meit\u00e4 poistamaan kyseiset tiedot. K\u00e4sittelemme pyynt\u00f6si, jonka j\u00e4lkeen joko poistamme tietosi tai ilmoitamme sinulle perustellun syyn, miksi tietoja ei voida poistaa. Mik\u00e4li olet eri mielt\u00e4 ratkaisustamme, sinulla on oikeus tehd\u00e4 valitus tietosuojavaltuutetulle (<a href=\"http:\/\/www.tietosuoja.fi\/fi\/index\/yhteystiedot.html\">ohjeet valituksen tekemiseen<\/a>). Sinulla on my\u00f6s oikeus vaatia, ett\u00e4 rajoitamme kiistanalaisten tietojen k\u00e4sittely\u00e4 siksi aikaa, kunnes asia saadaan ratkaistua.<\/p>\n<h3><a name=\"valitusoikeus\"><\/a>Valitusoikeus<\/h3>\n<p>Sinulla on oikeus tehd\u00e4 valitus tietosuojavaltuutetulle, jos koet, ett\u00e4 henkil\u00f6tietojasi k\u00e4sitelless\u00e4mme rikomme voimassa olevaa tietosuojalains\u00e4\u00e4d\u00e4nt\u00f6\u00e4 (<a href=\"http:\/\/www.tietosuoja.fi\/fi\/index\/yhteystiedot.html\">ohjeet valituksen tekemiseen<\/a>).<\/p>\n<\/section>\n<section class=\"data-sources\">\n<h2><a name=\"7-tiedonlahteet\"><\/a>7. S\u00e4\u00e4nn\u00f6nmukaiset tiedonl\u00e4hteet<\/h2>\n<p>Potentiaalisten asiakkaiden tiedot saadaan suostumuksella h\u00e4nelt\u00e4 itselt\u00e4\u00e4n verkkosivustovierailun yhteydess\u00e4 tai muun henkil\u00f6kohtaisen tai digitaalisen vuorovaikutuksen yhteydess\u00e4.<\/p>\n<\/section>\n<section class=\"external-data-processors\">\n<h2><a name=\"8-luovutukset\"><\/a>8. Tietojen luovutukset<\/h2>\n<p>Tietoja ei p\u00e4\u00e4s\u00e4\u00e4nt\u00f6isesti luovuteta markkinointitarkoituksiin Niko Paulanne Consulting:n ulkopuolelle.<br \/>Tietoja voidaan valikoidusti luovuttaa rekisterinpit\u00e4j\u00e4n toimeksiantaman kolmannen osapuolen kohdennettuun markkinointikampanjaan. Tietojen omistus ei siirry rekisterinpit\u00e4j\u00e4lt\u00e4 kolmannelle osapuolelle eik\u00e4 kolmannella osapuolella ole oikeutta tietojen toimeksiantoa laajempaan k\u00e4ytt\u00f6\u00f6n.<br \/>Olemme varmistaneet, ett\u00e4 kaikki palveluntarjoajamme noudattavat tietosuojalains\u00e4\u00e4d\u00e4nt\u00f6\u00e4. K\u00e4yt\u00e4mme s\u00e4\u00e4nn\u00f6nmukaisesti seuraavia palveluntarjoajia:<\/p>\n<ul>\n<li>MailChimp<\/li>\n<li>Google (s\u00e4hk\u00f6posti)<\/li>\n<\/ul>\n<\/section>\n<section class=\"data-export\">\n<h2><a name=\"9-siirto-eun-ulkopuolelle\"><\/a>9. Tietojen siirto EU:n ulkopuolelle<\/h2>\n<p>Milloin mahdollista, olemme valinneet tietojesi s\u00e4ilytyspaikaksi tietoturvalliset, Euroopassa sijaitsevat palvelinkeskukset.<br \/>Jotkin edell\u00e4 mainituista palveluntarjoajista saattavat varmuuskopioida tietoja EU\/ETA-alueen ulkopuolelle Yhdysvaltoihin. Tiedot varmuuskopioidaan, jotta tietosi olisivat turvassa my\u00f6s tilanteissa, joissa p\u00e4\u00e4asialliset palvelimet menev\u00e4t ep\u00e4kuntoon.<\/p>\n<h3>Privacy Shield<\/h3>\n<p>Olemme varmistaneet, ett\u00e4 palveluntarjoajamme ovat liittyneet EU:n ja Yhdysvaltain v\u00e4liseen ns. Privacy Shield -ohjelmaan (<a href=\"https:\/\/www.privacyshield.gov\/list\">https:\/\/www.privacyshield.gov\/list<\/a>), jonka tarkoituksena on varmistaa eurooppalaisten tietojen tietoturvallinen k\u00e4sittely Yhdysvalloissa.<\/p>\n<\/section>\n<section class=\"data-protection\">\n<h2><a name=\"10-suojaus\"><\/a>10. Rekisterin suojauksen periaatteet<\/h2>\n<p>Henkil\u00f6tietojesi turvallinen k\u00e4sittely on meille t\u00e4rke\u00e4\u00e4. K\u00e4yt\u00e4mme seuraavia suojatoimia tietojesi turvallisuuden varmistamiseksi.<\/p>\n<ul>\n<li>J\u00e4rjestelm\u00e4\u00e4n sis\u00e4\u00e4np\u00e4\u00e4sy edellytt\u00e4\u00e4 k\u00e4ytt\u00e4j\u00e4tunnuksen ja salasanan sy\u00f6tt\u00e4mist\u00e4. J\u00e4rjestelm\u00e4 on my\u00f6s suojattu palomuurein ja muiden teknisten keinojen avulla.<\/li>\n<li>J\u00e4rjestelm\u00e4\u00e4n tallennettuihin rekisterin sis\u00e4lt\u00e4miin tietoihin p\u00e4\u00e4sev\u00e4t ja niit\u00e4 ovat oikeutettuja k\u00e4ytt\u00e4m\u00e4\u00e4n vain tietyt, ennalta m\u00e4\u00e4ritellyt rekisterinpit\u00e4j\u00e4n ty\u00f6ntekij\u00e4t.<\/li>\n<li>Rekisterin k\u00e4ytt\u00f6 on suojattu k\u00e4ytt\u00e4j\u00e4kohtaisin tunnuksin, salasanoin sek\u00e4 k\u00e4ytt\u00f6oikeuksin.<\/li>\n<li>Rekisteri sijaitsee tietokoneessa, joka on sijoitettu konesaliin palvelimelle, jonne p\u00e4\u00e4sy asiattomilta on estetty.<\/li>\n<li>Rekisterin sis\u00e4lt\u00e4m\u00e4t tiedot sijaitsevat lukituissa ja vartioiduissa tiloissa.<\/li>\n<li>Rekisterist\u00e4 otetaan s\u00e4\u00e4nn\u00f6llisesti varmuuskopiot.<\/li>\n<\/ul>\n<\/section>\n<section class=\"cookies\">\n<h2><a name=\"11-evasteet\"><\/a>11. Ev\u00e4steet<\/h2>\n<p>T\u00e4m\u00e4 sivusto k\u00e4ytt\u00e4\u00e4 ev\u00e4steit\u00e4. Sivusto l\u00e4hett\u00e4\u00e4 selaimelle ev\u00e4steen \u2013 pienen tekstitiedoston, joka tallentuu tietokoneen kovalevylle. K\u00e4yt\u00f6ss\u00e4 on sek\u00e4 v\u00e4liaikaisia istuntotunnus-ev\u00e4steit\u00e4, jotka sulkeutuvat, kun suljet Internet-selaimen, ett\u00e4 pysyvi\u00e4 ev\u00e4steit\u00e4, jotka tallentuvat tietokoneen kovalevylle. Ev\u00e4steiden avulla voimme tunnistaa selaimesi ja k\u00e4ytt\u00e4\u00e4 n\u00e4in saamaamme tietoa esimerkiksi sivustollamme vierailevien selaimien laskemiseen sek\u00e4 sivustomme k\u00e4yt\u00f6n analysointiin, kuten tilastolliseen seurantaan. Ne antavat meille my\u00f6s mahdollisuuden tarkastella ja seurata k\u00e4ytt\u00e4jiemme mielenkiinnon kohteita ja kehitt\u00e4\u00e4 siten verkkosivujamme. Kaikki ker\u00e4tty tieto on nimet\u00f6nt\u00e4, eik\u00e4 verkossa suoritettuja toimintoja voida sen avulla liitt\u00e4\u00e4 tiettyyn henkil\u00f6\u00f6n.<br \/>Useimmat Internet-selaimet hyv\u00e4ksyv\u00e4t ev\u00e4steet automaattisesti, mutta halutessasi voit muokata selaimesi asetuksia ja milloin tahansa poistaa ev\u00e4steet k\u00e4yt\u00f6st\u00e4. Voit v\u00e4ltt\u00e4\u00e4 ev\u00e4steet muokkaamalla selainohjelmasi asetuksia ja kielt\u00e4m\u00e4ll\u00e4 niiden k\u00e4yt\u00f6n.<br \/>Mainontaev\u00e4steet auttavat meit\u00e4 valitsemaan sinulle parhaiten sopivat ja mielenkiintoisimmat mainokset. Ne my\u00f6s est\u00e4v\u00e4t samojen mainoksien n\u00e4yt\u00f6n. Jotkut kolmannen osapuolen toimittajat saattavat my\u00f6s k\u00e4ytt\u00e4\u00e4 ev\u00e4steit\u00e4 tai verkkoj\u00e4ljitteit\u00e4 (1 pikselin kuvatiedosto), jotta n\u00e4et mieleisi\u00e4si mainoksia, kun vierailet eri sivustoilla. Ev\u00e4steiden ja verkkoj\u00e4ljitteiden avulla ker\u00e4tyt tiedot eiv\u00e4t kerro meille tai kolmansille osapuolille mit\u00e4\u00e4n henkil\u00f6kohtaisia tietoja, kuten nime\u00e4si tai yhteystietojasi. Kolmantena osapuolena toimivat mainostajat saattavat my\u00f6s k\u00e4ytt\u00e4\u00e4 tekniikkaa, jolla mitataan mainosten tehoa. T\u00e4t\u00e4 varten he voivat k\u00e4ytt\u00e4\u00e4 j\u00e4ljitett\u00e4 (yhden pikselin kokoinen GIF-tiedosto), joka on sijoitettu verkkosivustollemme nimett\u00f6mien tietojen ker\u00e4\u00e4miseksi. Saatuaan nimet\u00f6nt\u00e4 tietoa k\u00e4ytt\u00e4j\u00e4n k\u00e4ynneist\u00e4 n\u00e4ill\u00e4 ja muilla verkkosivuilla mainostajat voivat suunnitella mainoksia tuotteista ja palveluista, jotka mahdollisesti kiinnostavat k\u00e4ytt\u00e4j\u00e4\u00e4.<br \/>Niko Paulanne Consulting:n sivustoilla on k\u00e4yt\u00f6ss\u00e4 Google Analytics ja Google Adwords -ev\u00e4ste, jolla kohdennetaan markkinointia k\u00e4ytt\u00e4j\u00e4luettelon avulla Googlen mainosverkostoissa. K\u00e4ytt\u00e4j\u00e4 ei ole tunnistettavissa ev\u00e4steeseen liitett\u00e4vien tietojen perusteella. K\u00e4ytt\u00e4j\u00e4 voi halutessaan est\u00e4\u00e4 k\u00e4ytt\u00e4j\u00e4luetteloihin perustuvan Google Adwords-markkinoinnin osoitteessa <a href=\"https:\/\/www.google.com\/settings\/ads\">www.google.com\/settings\/ads<\/a>.<br \/>Lis\u00e4tietoja selaink\u00e4ytt\u00f6\u00f6n perustuvasta mainonnan kohdentamisesta saa\u00a0<a href=\"https:\/\/www.youronlinechoices.com\/\">Your Online Choices<\/a>\u00a0\u2013sivustolta<\/p>\n<p><\/br><br \/>\n<\/br><\/p>\n<style>\n    a.cky-banner-element {<br \/>\n        padding: 8px 30px;<br \/>\n        background: #F8F9FA;<br \/>\n        color: #858A8F;<br \/>\n        border: 1px solid #DEE2E6;<br \/>\n        box-sizing: border-box;<br \/>\n        border-radius: 2px;<br \/>\n        cursor: pointer;<br \/>\n}<br \/>\n<\/style>\n<div class=\"cookie-policy-p\"><\/div>\n<h3>Cookies in use<\/h3>\n<div class=\"cky-audit-table-element\"><\/div>\n<\/section>","protected":false},"excerpt":{"rendered":"<p>(Click here for &#8211; Google automatic translation of this page to English) Kuka tietojasi k\u00e4sittelee Yritys Niko Paulanne Consulting Heikkil\u00e4ntie 28 36240 Kangasala Yhteyshenkil\u00f6 Niko Paulanne +358-50-5706765 (MAANANTAI-PERJANTAI 12:00-17:00) info(at)nikopaulanne.fi \u00a0 Keiden tietoja k\u00e4sittelemme Asiakkaat Potentiaaliset asiakkaat Verkkosivuston k\u00e4ytt\u00e4j\u00e4t Tiedot, joita k\u00e4sittelemme K\u00e4sittelemme ainoastaan niit\u00e4 tietoja, joita itse toimitat meille, esimerkiksi: Nimi Puhelinnumero S\u00e4hk\u00f6postiosoite Postiosoite&hellip; <a class=\"more-link\" href=\"https:\/\/nikopaulanne.fi\/en\/tietosuojaseloste\/\">Continue reading <span class=\"screen-reader-text\">Tietosuojaseloste<\/span><\/a><\/p>\n","protected":false},"author":2,"featured_media":0,"parent":0,"menu_order":0,"comment_status":"closed","ping_status":"closed","template":"","meta":{"footnotes":""},"class_list":["post-5556","page","type-page","status-publish","hentry","entry"],"featured_image_src":null,"featured_image_src_square":null,"_links":{"self":[{"href":"https:\/\/nikopaulanne.fi\/en\/wp-json\/wp\/v2\/pages\/5556","targetHints":{"allow":["GET"]}}],"collection":[{"href":"https:\/\/nikopaulanne.fi\/en\/wp-json\/wp\/v2\/pages"}],"about":[{"href":"https:\/\/nikopaulanne.fi\/en\/wp-json\/wp\/v2\/types\/page"}],"author":[{"embeddable":true,"href":"https:\/\/nikopaulanne.fi\/en\/wp-json\/wp\/v2\/users\/2"}],"replies":[{"embeddable":true,"href":"https:\/\/nikopaulanne.fi\/en\/wp-json\/wp\/v2\/comments?post=5556"}],"version-history":[{"count":0,"href":"https:\/\/nikopaulanne.fi\/en\/wp-json\/wp\/v2\/pages\/5556\/revisions"}],"wp:attachment":[{"href":"https:\/\/nikopaulanne.fi\/en\/wp-json\/wp\/v2\/media?parent=5556"}],"curies":[{"name":"wp","href":"https:\/\/api.w.org\/{rel}","templated":true}]}}